{"id":408,"date":"2015-08-18T12:40:39","date_gmt":"2015-08-18T10:40:39","guid":{"rendered":"http:\/\/www.planeta-neli.es\/?page_id=408"},"modified":"2015-09-02T20:31:59","modified_gmt":"2015-09-02T18:31:59","slug":"aviso-legal","status":"publish","type":"page","link":"https:\/\/www.planeta-neli.es\/index.php\/aviso-legal\/","title":{"rendered":"Aviso Legal"},"content":{"rendered":"<div class=\"post-content box mark-links entry-content\">\n<p style=\"text-align: justify;\">En cumplimiento con el deber de informaci\u00f3n recogido en art\u00edculo 10 de la Ley 34\/2002, de 11 de julio, de Servicios de la Sociedad de la Informaci\u00f3n y del Comercio Electr\u00f3nico a continuaci\u00f3n se declara planeta-neli.es\u00a0como un sitio web personal gestionado por Neli Mart\u00edn.<\/p>\n<p style=\"text-align: justify;\"><strong>RESPONSABILIDAD<\/strong><\/p>\n<p style=\"text-align: justify;\">Toda persona que acceda a este sitio web asume el papel de usuario, comprometi\u00e9ndose a la observancia y cumplimiento riguroso de las disposiciones aqu\u00ed dispuestas, as\u00ed como a cualquier otra disposici\u00f3n legal que fuera de aplicaci\u00f3n.<\/p>\n<p style=\"text-align: justify;\">El prestador se exime de cualquier tipo de responsabilidad derivada de la informaci\u00f3n publicada en su sitio web y por la falta de disponibilidad (ca\u00eddas) del sitio el cual efectuar\u00e1 adem\u00e1s paradas peri\u00f3dicas por mantenimientos t\u00e9cnicos. Adem\u00e1s, el prestador se reserva el derecho a modificar cualquier tipo de informaci\u00f3n que pudiera aparecer en el sitio web, sin que exista obligaci\u00f3n de preavisar o poner en conocimiento de los usuarios dichas obligaciones, entendi\u00e9ndose como suficiente con la publicaci\u00f3n en el sitio web del prestador.<\/p>\n<p style=\"text-align: justify;\"><strong>COOKIES<\/strong><\/p>\n<p style=\"text-align: justify;\">Cookie es un fichero que se descarga en su ordenador al acceder a determinadas p\u00e1ginas web. Las cookies permiten a una p\u00e1gina web, entre otras cosas, almacenar y recuperar informaci\u00f3n sobre los h\u00e1bitos de navegaci\u00f3n de un usuario o de su equipo y, dependiendo de la informaci\u00f3n que contengan y de la forma en que utilice su equipo, pueden utilizarse para reconocer al usuario. El navegador del usuario memoriza cookies en el disco duro solamente durante la sesi\u00f3n actual ocupando un espacio de memoria m\u00ednimo y no perjudicando al ordenador. Las cookies no contienen ninguna clase de informaci\u00f3n personal espec\u00edfica, y la mayor\u00eda de las mismas se borran del disco duro al finalizar la sesi\u00f3n de navegador (las denominadas cookies de sesi\u00f3n).<\/p>\n<p style=\"text-align: justify;\">La mayor\u00eda de los navegadores aceptan como est\u00e1ndar a las cookies y, con independencia de las mismas, permiten o impiden en los ajustes de seguridad las cookies temporales o memorizadas.<\/p>\n<p style=\"text-align: justify;\">Sin su expreso consentimiento \u2013mediante la activaci\u00f3n de las cookies en su navegador\u2013planeta-neli.es no enlazar\u00e1 en las cookies los datos memorizados con sus datos personales proporcionados en el momento del registro. Puede usted permitir, bloquear o eliminar las cookies instaladas en su equipo mediante la configuraci\u00f3n de las opciones del navegador instalado en su ordenador.<\/p>\n<\/div>\n<p style=\"text-align: justify;\"><strong>PROTECCI\u00d3N DE DATOS PERSONALES<\/strong><\/p>\n<p style=\"text-align: justify;\">El prestador cumple con la normativa espa\u00f1ola de protecci\u00f3n de datos de car\u00e1cter personal, y garantiza el cumplimiento \u00edntegro de las obligaciones dispuestas la Ley Org\u00e1nica 15\/1999, de 13 de diciembre, de Protecci\u00f3n de Datos de Car\u00e1cter Personal (LOPD), el Real Decreto 1720\/2007, de 21 de diciembre, por el que se aprueba el Reglamento de desarrollo de la LOPD y dem\u00e1s normativa vigente en cada momento, y vela por garantizar un correcto uso y tratamiento de los datos personales del usuario.<\/p>\n<p style=\"text-align: justify;\"><strong>POL\u00cdTICA ANTI-SPAM<\/strong><\/p>\n<p style=\"text-align: justify;\">El prestador se declara completamente en contra del env\u00edo de comunicaciones comerciales no solicitadas y a cualquier tipo de conducta o manifestaci\u00f3n conocida como \u201cspam\u201d, asimismo se declara comprometido con la lucha contra este tipo de pr\u00e1cticas abusivas.<\/p>\n<p style=\"text-align: justify;\">Por tanto, el prestador garantiza al usuario a que bajo ning\u00fan concepto los datos personales recogidos en el sitio web ser\u00e1n cedidos, compartidos, transferidos, ni vendidos a ning\u00fan tercero.<\/p>\n<p style=\"text-align: justify;\">Por las mismas razones, el proceso de registro no debe ser utilizado para inscribir direcciones de correo de personas ajenas sin el consentimiento expreso de las personas afectadas planeta-neli.es\u00a0implementa como contramedida a esta pr\u00e1cticas una lista de correo de tipo double opt-in que necesita la confirmaci\u00f3n explicita por parte del titular de la cuenta de correo electr\u00f3nico indicada como direcci\u00f3n de suscripci\u00f3n, antes de recibir comunicaciones por correo electr\u00f3nico.<\/p>\n<p style=\"text-align: justify;\">En el caso de que aun as\u00ed un usuario reciba comunicaciones de este sitio web sin haberse registrado, o sin haber dado su consentimiento expreso a dicho registro, puede cancelar la suscripci\u00f3n desde los enlaces que se proporcionan en la propia comunicaci\u00f3n.<\/p>\n<p style=\"text-align: justify;\">Adem\u00e1s, el usuario puede ponerse en contacto con nosotros a trav\u00e9s del formulario de contacto que se mantiene en el sitio web, tanto para comunicar lo sucedido como para solicitar la eliminaci\u00f3n inmediata de sus datos de nuestro sistema.<\/p>\n<p style=\"text-align: justify;\"><strong>ALOJAMIENTO DE DATOS<\/strong><\/p>\n<p style=\"text-align: justify;\">En el marco de sus actividades, planeta-neli.es dispone de la posibilidad de registro de usuarios para el env\u00edo de comunicaciones por correo electr\u00f3nico, efectuar comentarios en el blog y enviar mensajes a trav\u00e9s del formulario de contacto.<\/p>\n<p style=\"text-align: justify;\">El usuario mediante los actos de suscripci\u00f3n al blog, la realizaci\u00f3n comentarios o el formulario de contacto estar\u00e1 dando su consentimiento expreso al tratamiento de los personales proporcionados seg\u00fan lo dispuesto en el art\u00edculo 6 de la LOPD. El usuario podr\u00e1 ejercer sus derechos en los t\u00e9rminos dispuestos por el art\u00edculo 5 de la LOPD.<\/p>\n<p style=\"text-align: justify;\">Estos mismos actos implican asimismo el consentimiento expreso del usuario a la transferencia internacional de datos que se produce en t\u00e9rminos de la LOPD debido a la ubicaci\u00f3n f\u00edsica de las instalaciones de los proveedores arriba mencionados.<\/p>\n<p style=\"text-align: justify;\">Los datos de car\u00e1cter personal solicitados en estas actividades, quedar\u00e1n incorporados a un fichero cuya finalidad es la comunicaci\u00f3n de novedades relativas al sitio web de planeta-neli.es\u00a0actuando como responsable del fichero el prestador. Queda igualmente informado de la posibilidad de ejercitar los derechos que se indican en el apartado relativo a los Derechos del usuario.<\/p>\n<p style=\"text-align: justify;\"><strong>DERECHOS DEL USUARIO<\/strong><\/p>\n<p style=\"text-align: justify;\">De conformidad con lo establecido en el art\u00edculo 5 de la LOPD, se informa al usuario que la finalidad exclusiva de la base de datos de registro es el env\u00edo de informaci\u00f3n sobre novedades relacionadas con el sitio web planeta-neli.es. \u00danicamente los titulares tendr\u00e1n acceso a sus datos, y bajo ning\u00fan concepto, estos datos ser\u00e1n cedidos, compartidos, transferidos, ni vendidos a ning\u00fan tercero.<\/p>\n<p style=\"text-align: justify;\">De acuerdo con lo dispuesto en la LOPD, el usuario en cualquier momento podr\u00e1 ejercitar sus derechos de acceso, rectificaci\u00f3n, cancelaci\u00f3n, y oposici\u00f3n ante el prestador.<\/p>\n<p style=\"text-align: justify;\"><strong>LEY APLICABLE Y JURISDICCI\u00d3N<\/strong><\/p>\n<p style=\"text-align: justify;\">Para la resoluci\u00f3n de todas las controversias o cuestiones relacionadas con el presente sitio web o de las actividades en \u00e9l desarrolladas, ser\u00e1 de aplicaci\u00f3n la legislaci\u00f3n espa\u00f1ola, a la que se someten expresamente las partes.<\/p>\n","protected":false},"excerpt":{"rendered":"<p>En cumplimiento con el deber de informaci\u00f3n recogido en art\u00edculo 10 de la Ley 34\/2002, de 11 de julio, de Servicios de la Sociedad de la Informaci\u00f3n y del Comercio Electr\u00f3nico a continuaci\u00f3n se declara planeta-neli.es\u00a0como un sitio web personal gestionado por Neli Mart\u00edn. RESPONSABILIDAD Toda persona que acceda a este sitio web asume el [&hellip;]<\/p>\n","protected":false},"author":1,"featured_media":0,"parent":0,"menu_order":0,"comment_status":"open","ping_status":"open","template":"","meta":{"_exactmetrics_skip_tracking":false,"_exactmetrics_sitenote_active":false,"_exactmetrics_sitenote_note":"","_exactmetrics_sitenote_category":0,"footnotes":""},"_links":{"self":[{"href":"https:\/\/www.planeta-neli.es\/index.php\/wp-json\/wp\/v2\/pages\/408"}],"collection":[{"href":"https:\/\/www.planeta-neli.es\/index.php\/wp-json\/wp\/v2\/pages"}],"about":[{"href":"https:\/\/www.planeta-neli.es\/index.php\/wp-json\/wp\/v2\/types\/page"}],"author":[{"embeddable":true,"href":"https:\/\/www.planeta-neli.es\/index.php\/wp-json\/wp\/v2\/users\/1"}],"replies":[{"embeddable":true,"href":"https:\/\/www.planeta-neli.es\/index.php\/wp-json\/wp\/v2\/comments?post=408"}],"version-history":[{"count":0,"href":"https:\/\/www.planeta-neli.es\/index.php\/wp-json\/wp\/v2\/pages\/408\/revisions"}],"wp:attachment":[{"href":"https:\/\/www.planeta-neli.es\/index.php\/wp-json\/wp\/v2\/media?parent=408"}],"curies":[{"name":"wp","href":"https:\/\/api.w.org\/{rel}","templated":true}]}}