{"id":41,"date":"2015-08-06T13:50:20","date_gmt":"2015-08-06T11:50:20","guid":{"rendered":"http:\/\/www.planeta-neli.es\/?page_id=41"},"modified":"2015-09-05T07:46:40","modified_gmt":"2015-09-05T05:46:40","slug":"contacto-2","status":"publish","type":"page","link":"https:\/\/www.planeta-neli.es\/index.php\/contacto-2\/","title":{"rendered":"Contacto"},"content":{"rendered":"<p>\u00bfViste algo que te gusto y quieres publicar en tu propia p\u00e1gina, blog o foro?<br \/>\n\u00bfQuieres colaborar con alg\u00fan art\u00edculo o alguna fotograf\u00eda?<br \/>\n\u00bfViste algo que no es correcto?<br \/>\nPor favor, para cualquier cosa no dudes en ponerte en contacto conmigo.<\/p>\n<p>&nbsp;<\/p>\n<p>&nbsp;<\/p>\n<p>[contact-form-7 id=\u00bb23&#8243; title=\u00bbContacto\u00bb]<\/p>\n","protected":false},"excerpt":{"rendered":"<p>\u00bfViste algo que te gusto y quieres publicar en tu propia p\u00e1gina, blog o foro? \u00bfQuieres colaborar con alg\u00fan art\u00edculo o alguna fotograf\u00eda? \u00bfViste algo que no es correcto? Por favor, para cualquier cosa no dudes en ponerte en contacto conmigo. &nbsp; &nbsp; [contact-form-7 id=\u00bb23&#8243; title=\u00bbContacto\u00bb]<\/p>\n","protected":false},"author":1,"featured_media":0,"parent":0,"menu_order":0,"comment_status":"open","ping_status":"open","template":"","meta":{"_exactmetrics_skip_tracking":false,"_exactmetrics_sitenote_active":false,"_exactmetrics_sitenote_note":"","_exactmetrics_sitenote_category":0,"footnotes":""},"_links":{"self":[{"href":"https:\/\/www.planeta-neli.es\/index.php\/wp-json\/wp\/v2\/pages\/41"}],"collection":[{"href":"https:\/\/www.planeta-neli.es\/index.php\/wp-json\/wp\/v2\/pages"}],"about":[{"href":"https:\/\/www.planeta-neli.es\/index.php\/wp-json\/wp\/v2\/types\/page"}],"author":[{"embeddable":true,"href":"https:\/\/www.planeta-neli.es\/index.php\/wp-json\/wp\/v2\/users\/1"}],"replies":[{"embeddable":true,"href":"https:\/\/www.planeta-neli.es\/index.php\/wp-json\/wp\/v2\/comments?post=41"}],"version-history":[{"count":0,"href":"https:\/\/www.planeta-neli.es\/index.php\/wp-json\/wp\/v2\/pages\/41\/revisions"}],"wp:attachment":[{"href":"https:\/\/www.planeta-neli.es\/index.php\/wp-json\/wp\/v2\/media?parent=41"}],"curies":[{"name":"wp","href":"https:\/\/api.w.org\/{rel}","templated":true}]}}